{"id":273,"date":"2021-07-16T01:52:17","date_gmt":"2021-07-16T05:52:17","guid":{"rendered":"https:\/\/www.arthuretjuno.com\/?page_id=273"},"modified":"2021-09-09T05:41:20","modified_gmt":"2021-09-09T09:41:20","slug":"vendre-vos-accessoires-jouets-et-vetements","status":"publish","type":"page","link":"https:\/\/www.arthuretjuno.com\/?page_id=273","title":{"rendered":"Vendre"},"content":{"rendered":"\t\t<div data-elementor-type=\"wp-page\" data-elementor-id=\"273\" class=\"elementor elementor-273\">\n\t\t\t\t\t\t\t\t\t<section class=\"elementor-section elementor-top-section elementor-element elementor-element-9f599d9 elementor-section-boxed elementor-section-height-default elementor-section-height-default\" data-id=\"9f599d9\" data-element_type=\"section\">\n\t\t\t\t\t\t<div class=\"elementor-container elementor-column-gap-default\">\n\t\t\t\t\t<div class=\"elementor-column elementor-col-100 elementor-top-column elementor-element elementor-element-694b9f2\" data-id=\"694b9f2\" data-element_type=\"column\">\n\t\t\t<div class=\"elementor-widget-wrap elementor-element-populated\">\n\t\t\t\t\t\t\t\t<div class=\"elementor-element elementor-element-382b25e elementor-widget elementor-widget-image\" data-id=\"382b25e\" data-element_type=\"widget\" data-widget_type=\"image.default\">\n\t\t\t\t<div class=\"elementor-widget-container\">\n\t\t\t\t\t\t\t\t\t\t\t\t\t\t\t<img decoding=\"async\" src=\"https:\/\/www.arthuretjuno.com\/wp-content\/uploads\/2021\/07\/SiteWeb_Couverture_arthur-et-juno_vendre_page.png\" title=\"\" alt=\"Arthur et Juno Faites le tri vendre Montr\u00e9al\" loading=\"lazy\" \/>\t\t\t\t\t\t\t\t\t\t\t\t\t\t\t<\/div>\n\t\t\t\t<\/div>\n\t\t\t\t\t<\/div>\n\t\t<\/div>\n\t\t\t\t\t\t\t<\/div>\n\t\t<\/section>\n\t\t\t\t<section class=\"elementor-section elementor-top-section elementor-element elementor-element-374a9a8 elementor-section-boxed elementor-section-height-default elementor-section-height-default\" data-id=\"374a9a8\" data-element_type=\"section\">\n\t\t\t\t\t\t<div class=\"elementor-container elementor-column-gap-default\">\n\t\t\t\t\t<div class=\"elementor-column elementor-col-33 elementor-top-column elementor-element elementor-element-ef34dc3\" data-id=\"ef34dc3\" data-element_type=\"column\">\n\t\t\t<div class=\"elementor-widget-wrap elementor-element-populated\">\n\t\t\t\t\t\t\t\t<div class=\"elementor-element elementor-element-fa5fbbc elementor-position-top elementor-widget elementor-widget-image-box\" data-id=\"fa5fbbc\" data-element_type=\"widget\" data-widget_type=\"image-box.default\">\n\t\t\t\t<div class=\"elementor-widget-container\">\n\t\t\t<div class=\"elementor-image-box-wrapper\"><figure class=\"elementor-image-box-img\"><img decoding=\"async\" loading=\"lazy\" width=\"500\" height=\"500\" src=\"https:\/\/www.arthuretjuno.com\/wp-content\/uploads\/2021\/07\/Picto_Vendre1.png\" class=\"attachment-full size-full wp-image-312\" alt=\"\" srcset=\"https:\/\/www.arthuretjuno.com\/wp-content\/uploads\/2021\/07\/Picto_Vendre1.png 500w, https:\/\/www.arthuretjuno.com\/wp-content\/uploads\/2021\/07\/Picto_Vendre1-300x300.png 300w, https:\/\/www.arthuretjuno.com\/wp-content\/uploads\/2021\/07\/Picto_Vendre1-150x150.png 150w\" sizes=\"(max-width: 500px) 100vw, 500px\" \/><\/figure><div class=\"elementor-image-box-content\"><h3 class=\"elementor-image-box-title\">Faites le tri !<\/h3><p class=\"elementor-image-box-description\">Nous achetons tout votre stock qui ne sert plus depuis que b\u00e9b\u00e9 a grandi.\nLes produits doivent \u00eatre propres, fonctionnels et avec batteries. (exclus : si\u00e8ge d'auto et tire-lait)<\/p><\/div><\/div>\t\t<\/div>\n\t\t\t\t<\/div>\n\t\t\t\t\t<\/div>\n\t\t<\/div>\n\t\t\t\t<div class=\"elementor-column elementor-col-33 elementor-top-column elementor-element elementor-element-72e5a15\" data-id=\"72e5a15\" data-element_type=\"column\">\n\t\t\t<div class=\"elementor-widget-wrap elementor-element-populated\">\n\t\t\t\t\t\t\t\t<div class=\"elementor-element elementor-element-d2e3565 elementor-position-top elementor-widget elementor-widget-image-box\" data-id=\"d2e3565\" data-element_type=\"widget\" data-widget_type=\"image-box.default\">\n\t\t\t\t<div class=\"elementor-widget-container\">\n\t\t\t<div class=\"elementor-image-box-wrapper\"><figure class=\"elementor-image-box-img\"><img decoding=\"async\" loading=\"lazy\" width=\"500\" height=\"500\" src=\"https:\/\/www.arthuretjuno.com\/wp-content\/uploads\/2021\/07\/Picto_Vendre2.png\" class=\"attachment-full size-full wp-image-313\" alt=\"\" srcset=\"https:\/\/www.arthuretjuno.com\/wp-content\/uploads\/2021\/07\/Picto_Vendre2.png 500w, https:\/\/www.arthuretjuno.com\/wp-content\/uploads\/2021\/07\/Picto_Vendre2-300x300.png 300w, https:\/\/www.arthuretjuno.com\/wp-content\/uploads\/2021\/07\/Picto_Vendre2-150x150.png 150w\" sizes=\"(max-width: 500px) 100vw, 500px\" \/><\/figure><div class=\"elementor-image-box-content\"><h3 class=\"elementor-image-box-title\">Prenez rendez-vous<\/h3><p class=\"elementor-image-box-description\">Envoyez un courriel \u00e0 rdv@arthuretjuno.com pour fixer un rendez-vous \u00e0 notre boutique, en indiquant le nombre de morceaux \u00e0 vendre.<\/p><\/div><\/div>\t\t<\/div>\n\t\t\t\t<\/div>\n\t\t\t\t\t<\/div>\n\t\t<\/div>\n\t\t\t\t<div class=\"elementor-column elementor-col-33 elementor-top-column elementor-element elementor-element-7b93f5c\" data-id=\"7b93f5c\" data-element_type=\"column\">\n\t\t\t<div class=\"elementor-widget-wrap elementor-element-populated\">\n\t\t\t\t\t\t\t\t<div class=\"elementor-element elementor-element-e3e7e79 elementor-position-top elementor-widget elementor-widget-image-box\" data-id=\"e3e7e79\" data-element_type=\"widget\" data-widget_type=\"image-box.default\">\n\t\t\t\t<div class=\"elementor-widget-container\">\n\t\t\t<div class=\"elementor-image-box-wrapper\"><figure class=\"elementor-image-box-img\"><img decoding=\"async\" loading=\"lazy\" width=\"500\" height=\"500\" src=\"https:\/\/www.arthuretjuno.com\/wp-content\/uploads\/2021\/07\/Picto_Vendre3.png\" class=\"attachment-full size-full wp-image-314\" alt=\"\" srcset=\"https:\/\/www.arthuretjuno.com\/wp-content\/uploads\/2021\/07\/Picto_Vendre3.png 500w, https:\/\/www.arthuretjuno.com\/wp-content\/uploads\/2021\/07\/Picto_Vendre3-300x300.png 300w, https:\/\/www.arthuretjuno.com\/wp-content\/uploads\/2021\/07\/Picto_Vendre3-150x150.png 150w\" sizes=\"(max-width: 500px) 100vw, 500px\" \/><\/figure><div class=\"elementor-image-box-content\"><h3 class=\"elementor-image-box-title\">Gagnez de l'argent !<\/h3><p class=\"elementor-image-box-description\">Apr\u00e8s une v\u00e9rification imm\u00e9diate des articles, nous vous faisons une offre. Si vous l'acceptez, vous recevez votre argent comptant tout de suite.<\/p><\/div><\/div>\t\t<\/div>\n\t\t\t\t<\/div>\n\t\t\t\t\t<\/div>\n\t\t<\/div>\n\t\t\t\t\t\t\t<\/div>\n\t\t<\/section>\n\t\t\t\t<section class=\"elementor-section elementor-top-section elementor-element elementor-element-1ace3e9 elementor-section-boxed elementor-section-height-default elementor-section-height-default\" data-id=\"1ace3e9\" data-element_type=\"section\">\n\t\t\t\t\t\t<div class=\"elementor-container elementor-column-gap-default\">\n\t\t\t\t\t<div class=\"elementor-column elementor-col-100 elementor-top-column elementor-element elementor-element-467d886\" data-id=\"467d886\" data-element_type=\"column\">\n\t\t\t<div class=\"elementor-widget-wrap elementor-element-populated\">\n\t\t\t\t\t\t\t\t<div class=\"elementor-element elementor-element-700d805 elementor-widget elementor-widget-spacer\" data-id=\"700d805\" data-element_type=\"widget\" data-widget_type=\"spacer.default\">\n\t\t\t\t<div class=\"elementor-widget-container\">\n\t\t\t\t\t<div class=\"elementor-spacer\">\n\t\t\t<div class=\"elementor-spacer-inner\"><\/div>\n\t\t<\/div>\n\t\t\t\t<\/div>\n\t\t\t\t<\/div>\n\t\t\t\t\t<\/div>\n\t\t<\/div>\n\t\t\t\t\t\t\t<\/div>\n\t\t<\/section>\n\t\t\t\t\t\t\t<\/div>\n\t\t","protected":false},"excerpt":{"rendered":"<p>Faites le tri ! Nous achetons tout votre stock qui ne sert plus depuis que b\u00e9b\u00e9 a grandi. Les produits doivent \u00eatre propres, fonctionnels et avec batteries. (exclus : si\u00e8ge d&rsquo;auto et tire-lait) Prenez rendez-vous Envoyez un courriel \u00e0 rdv@arthuretjuno.com pour fixer un rendez-vous \u00e0 notre boutique, en indiquant le nombre de morceaux \u00e0 vendre.&hellip;&nbsp;<a href=\"https:\/\/www.arthuretjuno.com\/?page_id=273\" class=\"\" rel=\"bookmark\">Lire la suite &raquo;<span class=\"screen-reader-text\">Vendre<\/span><\/a><\/p>\n","protected":false},"author":1,"featured_media":0,"parent":4,"menu_order":0,"comment_status":"closed","ping_status":"closed","template":"page-templates\/template-pagebuilder-full-width.php","meta":{"neve_meta_sidebar":"full-width","neve_meta_container":"","neve_meta_enable_content_width":"on","neve_meta_content_width":100,"neve_meta_title_alignment":"","neve_meta_author_avatar":"","neve_post_elements_order":"","neve_meta_disable_header":"","neve_meta_disable_footer":"","neve_meta_disable_title":"","footnotes":""},"_links":{"self":[{"href":"https:\/\/www.arthuretjuno.com\/index.php?rest_route=\/wp\/v2\/pages\/273"}],"collection":[{"href":"https:\/\/www.arthuretjuno.com\/index.php?rest_route=\/wp\/v2\/pages"}],"about":[{"href":"https:\/\/www.arthuretjuno.com\/index.php?rest_route=\/wp\/v2\/types\/page"}],"author":[{"embeddable":true,"href":"https:\/\/www.arthuretjuno.com\/index.php?rest_route=\/wp\/v2\/users\/1"}],"replies":[{"embeddable":true,"href":"https:\/\/www.arthuretjuno.com\/index.php?rest_route=%2Fwp%2Fv2%2Fcomments&post=273"}],"version-history":[{"count":36,"href":"https:\/\/www.arthuretjuno.com\/index.php?rest_route=\/wp\/v2\/pages\/273\/revisions"}],"predecessor-version":[{"id":446,"href":"https:\/\/www.arthuretjuno.com\/index.php?rest_route=\/wp\/v2\/pages\/273\/revisions\/446"}],"up":[{"embeddable":true,"href":"https:\/\/www.arthuretjuno.com\/index.php?rest_route=\/wp\/v2\/pages\/4"}],"wp:attachment":[{"href":"https:\/\/www.arthuretjuno.com\/index.php?rest_route=%2Fwp%2Fv2%2Fmedia&parent=273"}],"curies":[{"name":"wp","href":"https:\/\/api.w.org\/{rel}","templated":true}]}}