{"id":631,"date":"2023-05-12T01:11:11","date_gmt":"2023-05-12T05:11:11","guid":{"rendered":"https:\/\/www.arthuretjuno.com\/?page_id=631"},"modified":"2023-05-12T08:06:42","modified_gmt":"2023-05-12T12:06:42","slug":"reglement-du-concours-fete-des-meres-2023","status":"publish","type":"page","link":"https:\/\/www.arthuretjuno.com\/?page_id=631","title":{"rendered":"R\u00e9glement du concours F\u00eate des M\u00e8res 2023"},"content":{"rendered":"\n<ul>\n<li>Le concours F\u00eates des m\u00e8res 2023 est organis\u00e9 par Arthur et Juno, 4243 rue Saint-Denis, Montr\u00e9al, Qc H2J 2K9, Canada.<\/li>\n\n\n\n<li>Le concours s&rsquo;adresse aux r\u00e9sidents du Qu\u00e9bec uniquement.<\/li>\n\n\n\n<li>Facebook et Instagram ne sont pas les commanditaires et n&rsquo;ont aucun lien avec ce concours. Facebook et Instagram sont donc d\u00e9gag\u00e9s de toutes responsabilit\u00e9s de ce concours.<\/li>\n\n\n\n<li>Le concours se d\u00e9roule du vendredi 12 mai 2023 \u00e0 6h00 au mardi 16 mai 2023 \u00e0 22h00.<\/li>\n\n\n\n<li>Pour participer, les lecteurs devront aimer l&rsquo;une ou l&rsquo;autre des publications, sur Facebook ou Instagram, et r\u00e9pondre \u00e0 la question avec un message en commentaire. Un tirage au sort sera effectu\u00e9 parmi toutes les personnes qui auront r\u00e9pondues d&rsquo;une mani\u00e8re ad\u00e9quate, respectueuse et coh\u00e9rente dans leur commentaire.<\/li>\n\n\n\n<li>Jeu concours sans obligation d&rsquo;achat pour les adultes de plus de 18 ans.<\/li>\n\n\n\n<li>Le tirage au sort sera al\u00e9atoire et se d\u00e9roulera le jeudi 18 mai 2023.<\/li>\n\n\n\n<li>Le ou la gagnante sera contact\u00e9e par message priv\u00e9 sur Facebook ou Instagram dans la journ\u00e9e du mercredi 17 mai 2023. Elle pourra accepter son lot et, une fois accept\u00e9, s&rsquo;engage \u00e0 venir en personne le r\u00e9cup\u00e9rer en magasin, au 4243 rue Saint-Denis, Montr\u00e9al, Qc H2J 2K9, Canada, dans un d\u00e9lai maximum de 6 mois apr\u00e8s la cl\u00f4ture du concours. Si le ou la personnes gagnante ne r\u00e9pond pas \u00e0 notre avis la d\u00e9signant comme gagnant\/e dans les 24 h, un nouveau tirage au sort aura lieu pour d\u00e9signer un nouveau ou une nouvelle gagnante. Le m\u00eame processus se r\u00e9p\u00e8te alors jusqu&rsquo;\u00e0 ce qu&rsquo;un ou une participante accepte le lot.<\/li>\n\n\n\n<li>Le ou la gagnante sera annonc\u00e9e dans les commentaires des publications originales du concours (publications faites le vendredi 12 mai 2023 \u00e0 6h00). En accord avec le ou la gagnante, son nom sera affich\u00e9 en entier ou tronqu\u00e9 dans les commentaires (ex: Bruce Wayne ou Bruce W.).<\/li>\n\n\n\n<li>Les lots : le lot \u00e0 gagner est une (1) bouteille de Liniment Ol\u00e9o-Calcaire de 500 ml de la marque Les produits de Maya, d&rsquo;une valeur de 22,00 $ CAD.<\/li>\n\n\n\n<li>Arthur et Juno se r\u00e9serve le droit de mettre au fin au concours en tout temps durant la p\u00e9riode mentionn\u00e9e plus haut en cas de probl\u00e8me technique majeur des plateformes Facebook et\/ou Instagram, ou de tout autre \u00e9v\u00e9nement ind\u00e9pendant de sa volont\u00e9. Une mise \u00e0 jour des publications originales sera alors faite pour en avertir les lecteurs.<\/li>\n<\/ul>\n","protected":false},"excerpt":{"rendered":"","protected":false},"author":1,"featured_media":0,"parent":0,"menu_order":0,"comment_status":"closed","ping_status":"closed","template":"","meta":{"neve_meta_sidebar":"","neve_meta_container":"","neve_meta_enable_content_width":"","neve_meta_content_width":0,"neve_meta_title_alignment":"","neve_meta_author_avatar":"","neve_post_elements_order":"","neve_meta_disable_header":"","neve_meta_disable_footer":"","neve_meta_disable_title":"","footnotes":""},"_links":{"self":[{"href":"https:\/\/www.arthuretjuno.com\/index.php?rest_route=\/wp\/v2\/pages\/631"}],"collection":[{"href":"https:\/\/www.arthuretjuno.com\/index.php?rest_route=\/wp\/v2\/pages"}],"about":[{"href":"https:\/\/www.arthuretjuno.com\/index.php?rest_route=\/wp\/v2\/types\/page"}],"author":[{"embeddable":true,"href":"https:\/\/www.arthuretjuno.com\/index.php?rest_route=\/wp\/v2\/users\/1"}],"replies":[{"embeddable":true,"href":"https:\/\/www.arthuretjuno.com\/index.php?rest_route=%2Fwp%2Fv2%2Fcomments&post=631"}],"version-history":[{"count":7,"href":"https:\/\/www.arthuretjuno.com\/index.php?rest_route=\/wp\/v2\/pages\/631\/revisions"}],"predecessor-version":[{"id":642,"href":"https:\/\/www.arthuretjuno.com\/index.php?rest_route=\/wp\/v2\/pages\/631\/revisions\/642"}],"wp:attachment":[{"href":"https:\/\/www.arthuretjuno.com\/index.php?rest_route=%2Fwp%2Fv2%2Fmedia&parent=631"}],"curies":[{"name":"wp","href":"https:\/\/api.w.org\/{rel}","templated":true}]}}